{"id":230,"date":"2023-05-05T15:38:54","date_gmt":"2023-05-05T15:38:54","guid":{"rendered":"https:\/\/www.danielacalasso.it\/?page_id=230"},"modified":"2023-05-05T15:41:35","modified_gmt":"2023-05-05T15:41:35","slug":"terapia-di-gruppo-in-azienda-2","status":"publish","type":"page","link":"https:\/\/www.danielacalasso.it\/index.php\/servizi-per-le-organizzazioni\/terapia-di-gruppo-in-azienda-2\/","title":{"rendered":"Terapia di gruppo in azienda"},"content":{"rendered":"\t\t<div data-elementor-type=\"wp-page\" data-elementor-id=\"230\" class=\"elementor elementor-230\">\n\t\t\t\t\t\t<section class=\"elementor-section elementor-top-section elementor-element elementor-element-94bf80a elementor-section-full_width elementor-section-height-default elementor-section-height-default\" data-id=\"94bf80a\" data-element_type=\"section\" data-e-type=\"section\">\n\t\t\t\t\t\t<div class=\"elementor-container elementor-column-gap-default\">\n\t\t\t\t\t<div class=\"elementor-column elementor-col-100 elementor-top-column elementor-element elementor-element-c83d106\" data-id=\"c83d106\" data-element_type=\"column\" data-e-type=\"column\">\n\t\t\t<div class=\"elementor-widget-wrap elementor-element-populated\">\n\t\t\t\t\t\t<div class=\"elementor-element elementor-element-c8028ab elementor-widget elementor-widget-image\" data-id=\"c8028ab\" data-element_type=\"widget\" data-e-type=\"widget\" data-widget_type=\"image.default\">\n\t\t\t\t<div class=\"elementor-widget-container\">\n\t\t\t\t\t\t\t\t\t\t\t\t\t\t\t<img fetchpriority=\"high\" decoding=\"async\" width=\"1920\" height=\"600\" src=\"https:\/\/www.danielacalasso.it\/wp-content\/uploads\/2023\/05\/H_Terapia-di-gruppo-in-azienda.jpg\" class=\"attachment-full size-full wp-image-235\" alt=\"\" srcset=\"https:\/\/www.danielacalasso.it\/wp-content\/uploads\/2023\/05\/H_Terapia-di-gruppo-in-azienda.jpg 1920w, https:\/\/www.danielacalasso.it\/wp-content\/uploads\/2023\/05\/H_Terapia-di-gruppo-in-azienda-300x94.jpg 300w, https:\/\/www.danielacalasso.it\/wp-content\/uploads\/2023\/05\/H_Terapia-di-gruppo-in-azienda-1024x320.jpg 1024w, https:\/\/www.danielacalasso.it\/wp-content\/uploads\/2023\/05\/H_Terapia-di-gruppo-in-azienda-768x240.jpg 768w, https:\/\/www.danielacalasso.it\/wp-content\/uploads\/2023\/05\/H_Terapia-di-gruppo-in-azienda-1536x480.jpg 1536w\" sizes=\"(max-width: 1920px) 100vw, 1920px\" \/>\t\t\t\t\t\t\t\t\t\t\t\t\t\t\t<\/div>\n\t\t\t\t<\/div>\n\t\t\t\t\t<\/div>\n\t\t<\/div>\n\t\t\t\t\t<\/div>\n\t\t<\/section>\n\t\t\t\t<section class=\"elementor-section elementor-top-section elementor-element elementor-element-01b98af elementor-section-boxed elementor-section-height-default elementor-section-height-default\" data-id=\"01b98af\" data-element_type=\"section\" data-e-type=\"section\">\n\t\t\t\t\t\t<div class=\"elementor-container elementor-column-gap-default\">\n\t\t\t\t\t<div class=\"elementor-column elementor-col-100 elementor-top-column elementor-element elementor-element-e47bf95\" data-id=\"e47bf95\" data-element_type=\"column\" data-e-type=\"column\">\n\t\t\t<div class=\"elementor-widget-wrap elementor-element-populated\">\n\t\t\t\t\t\t<div class=\"elementor-element elementor-element-9f1a95b elementor-widget elementor-widget-text-editor\" data-id=\"9f1a95b\" data-element_type=\"widget\" data-e-type=\"widget\" data-widget_type=\"text-editor.default\">\n\t\t\t\t<div class=\"elementor-widget-container\">\n\t\t\t\t\t\t\t\t\t<p>Le risorse umane sono il vero valore aggiunto di ogni organizzazione. Non esiste strategia, prodotto o servizio che possa garantire alle imprese il successo nel mercato a prescindere del proprio capitale umano.<\/p><p>Lavorare con il gruppo di lavoro produce spunti di riflessione e soluzioni maggiormente efficaci con cui relazionarsi nel lavoro. I lavoratori integrano le loro conoscenze, scoprono nuovi saperi, hanno maggiore fiducia nelle proprie possibilit\u00e0, hanno maggiore libert\u00e0 di azione.<\/p><p>Nel gruppo c\u2019\u00e8 reciprocit\u00e0, scambio, condivisione e confronto con gli altri componenti.\u00a0<\/p><p>\u00c8 ormai consolidata l\u2019importanza e l\u2019efficacia di connettere pi\u00f9 menti, e quindi, pi\u00f9 pensieri quale valore aggiunto in quasi la totalit\u00e0 dei contesti.<\/p><p>La terapia di gruppo ha molti vantaggi per il datore di lavoro oltre che per il dipendente:<\/p><ul><li>aumento del senso di appartenenza<\/li><li>miglioramento e monitoraggio del clima aziendale<\/li><li>identificazione preventiva di fattori stressanti, al fine di una pronta risoluzione<\/li><li>gestione dei conflitti<\/li><li>maggiore attrazione per nuovi candidati<\/li><li>riduzione costi legati ad assenteismo e turnover<\/li><\/ul>\t\t\t\t\t\t\t\t<\/div>\n\t\t\t\t<\/div>\n\t\t\t\t\t<\/div>\n\t\t<\/div>\n\t\t\t\t\t<\/div>\n\t\t<\/section>\n\t\t\t\t<\/div>\n\t\t","protected":false},"excerpt":{"rendered":"<p>Le risorse umane sono il vero valore aggiunto di ogni organizzazione. Non esiste strategia, prodotto o servizio che possa garantire alle imprese il successo nel mercato a prescindere del proprio &#8230;<\/p>\n","protected":false},"author":1,"featured_media":0,"parent":214,"menu_order":0,"comment_status":"closed","ping_status":"closed","template":"template-fullwidth-stretched.php","meta":{"footnotes":""},"class_list":["post-230","page","type-page","status-publish","hentry"],"_links":{"self":[{"href":"https:\/\/www.danielacalasso.it\/index.php\/wp-json\/wp\/v2\/pages\/230","targetHints":{"allow":["GET"]}}],"collection":[{"href":"https:\/\/www.danielacalasso.it\/index.php\/wp-json\/wp\/v2\/pages"}],"about":[{"href":"https:\/\/www.danielacalasso.it\/index.php\/wp-json\/wp\/v2\/types\/page"}],"author":[{"embeddable":true,"href":"https:\/\/www.danielacalasso.it\/index.php\/wp-json\/wp\/v2\/users\/1"}],"replies":[{"embeddable":true,"href":"https:\/\/www.danielacalasso.it\/index.php\/wp-json\/wp\/v2\/comments?post=230"}],"version-history":[{"count":5,"href":"https:\/\/www.danielacalasso.it\/index.php\/wp-json\/wp\/v2\/pages\/230\/revisions"}],"predecessor-version":[{"id":239,"href":"https:\/\/www.danielacalasso.it\/index.php\/wp-json\/wp\/v2\/pages\/230\/revisions\/239"}],"up":[{"embeddable":true,"href":"https:\/\/www.danielacalasso.it\/index.php\/wp-json\/wp\/v2\/pages\/214"}],"wp:attachment":[{"href":"https:\/\/www.danielacalasso.it\/index.php\/wp-json\/wp\/v2\/media?parent=230"}],"curies":[{"name":"wp","href":"https:\/\/api.w.org\/{rel}","templated":true}]}}