{"id":163,"date":"2023-05-05T14:51:35","date_gmt":"2023-05-05T14:51:35","guid":{"rendered":"https:\/\/www.danielacalasso.it\/?page_id=163"},"modified":"2023-05-05T14:56:20","modified_gmt":"2023-05-05T14:56:20","slug":"consulenza-psicologica-3","status":"publish","type":"page","link":"https:\/\/www.danielacalasso.it\/index.php\/servizi-per-la-persona\/consulenza-psicologica-3\/","title":{"rendered":"Consulenza Psicologica"},"content":{"rendered":"\t\t<div data-elementor-type=\"wp-page\" data-elementor-id=\"163\" class=\"elementor elementor-163\">\n\t\t\t\t\t\t<section class=\"elementor-section elementor-top-section elementor-element elementor-element-94bf80a elementor-section-full_width elementor-section-height-default elementor-section-height-default\" data-id=\"94bf80a\" data-element_type=\"section\" data-e-type=\"section\">\n\t\t\t\t\t\t<div class=\"elementor-container elementor-column-gap-default\">\n\t\t\t\t\t<div class=\"elementor-column elementor-col-100 elementor-top-column elementor-element elementor-element-c83d106\" data-id=\"c83d106\" data-element_type=\"column\" data-e-type=\"column\">\n\t\t\t<div class=\"elementor-widget-wrap elementor-element-populated\">\n\t\t\t\t\t\t<div class=\"elementor-element elementor-element-c8028ab elementor-widget elementor-widget-image\" data-id=\"c8028ab\" data-element_type=\"widget\" data-e-type=\"widget\" data-widget_type=\"image.default\">\n\t\t\t\t<div class=\"elementor-widget-container\">\n\t\t\t\t\t\t\t\t\t\t\t\t\t\t\t<img fetchpriority=\"high\" decoding=\"async\" width=\"1920\" height=\"600\" src=\"https:\/\/www.danielacalasso.it\/wp-content\/uploads\/2023\/05\/H_consulenza-psicologica.jpg\" class=\"attachment-full size-full wp-image-165\" alt=\"\" srcset=\"https:\/\/www.danielacalasso.it\/wp-content\/uploads\/2023\/05\/H_consulenza-psicologica.jpg 1920w, https:\/\/www.danielacalasso.it\/wp-content\/uploads\/2023\/05\/H_consulenza-psicologica-300x94.jpg 300w, https:\/\/www.danielacalasso.it\/wp-content\/uploads\/2023\/05\/H_consulenza-psicologica-1024x320.jpg 1024w, https:\/\/www.danielacalasso.it\/wp-content\/uploads\/2023\/05\/H_consulenza-psicologica-768x240.jpg 768w, https:\/\/www.danielacalasso.it\/wp-content\/uploads\/2023\/05\/H_consulenza-psicologica-1536x480.jpg 1536w\" sizes=\"(max-width: 1920px) 100vw, 1920px\" \/>\t\t\t\t\t\t\t\t\t\t\t\t\t\t\t<\/div>\n\t\t\t\t<\/div>\n\t\t\t\t\t<\/div>\n\t\t<\/div>\n\t\t\t\t\t<\/div>\n\t\t<\/section>\n\t\t\t\t<section class=\"elementor-section elementor-top-section elementor-element elementor-element-01b98af elementor-section-boxed elementor-section-height-default elementor-section-height-default\" data-id=\"01b98af\" data-element_type=\"section\" data-e-type=\"section\">\n\t\t\t\t\t\t<div class=\"elementor-container elementor-column-gap-default\">\n\t\t\t\t\t<div class=\"elementor-column elementor-col-100 elementor-top-column elementor-element elementor-element-e47bf95\" data-id=\"e47bf95\" data-element_type=\"column\" data-e-type=\"column\">\n\t\t\t<div class=\"elementor-widget-wrap elementor-element-populated\">\n\t\t\t\t\t\t<div class=\"elementor-element elementor-element-9f1a95b elementor-widget elementor-widget-text-editor\" data-id=\"9f1a95b\" data-element_type=\"widget\" data-e-type=\"widget\" data-widget_type=\"text-editor.default\">\n\t\t\t\t<div class=\"elementor-widget-container\">\n\t\t\t\t\t\t\t\t\t<p>Consulenza, dal latino consulo venire in aiuto di, aver cura di, \u00e8 una forma di apprendimento interattivo, in presenza oppure online. Raccolgo le prime informazioni, mi racconti il tuo disagio, e decidiamo insieme il percorso pi\u00f9 adeguato.<\/p><p>Dopo il primo colloquio, la consulenza pu\u00f2 continuare con ulteriori colloqui, se la problematica \u00e8 circoscritta, legata ad una difficolt\u00e0 contingente, oppure evolvere in un percorso terapeutico, un lavoro pi\u00f9 in profondit\u00e0, alla ricerca di una maggiore consapevolezza.<br \/>La consulenza psicologica viene richiesta per varie problematiche, contesto relazionale (di coppia, famigliare, amicale), cambiamenti di situazioni di vita (crescita dei figli, cambiamenti nel contesto lavorativo), o altri eventi personali.<\/p><p>Si tratta di un percorso breve, dove l\u2019obiettivo principale \u00e8 accrescere il benessere e migliorare la qualit\u00e0 della vita, con un\u2019analisi e risoluzione di una problematica attuale.<\/p>\t\t\t\t\t\t\t\t<\/div>\n\t\t\t\t<\/div>\n\t\t\t\t\t<\/div>\n\t\t<\/div>\n\t\t\t\t\t<\/div>\n\t\t<\/section>\n\t\t\t\t<\/div>\n\t\t","protected":false},"excerpt":{"rendered":"<p>Consulenza, dal latino consulo venire in aiuto di, aver cura di, \u00e8 una forma di apprendimento interattivo, in presenza oppure online. Raccolgo le prime informazioni, mi racconti il tuo disagio, &#8230;<\/p>\n","protected":false},"author":1,"featured_media":0,"parent":147,"menu_order":0,"comment_status":"closed","ping_status":"closed","template":"template-fullwidth-stretched.php","meta":{"footnotes":""},"class_list":["post-163","page","type-page","status-publish","hentry"],"_links":{"self":[{"href":"https:\/\/www.danielacalasso.it\/index.php\/wp-json\/wp\/v2\/pages\/163","targetHints":{"allow":["GET"]}}],"collection":[{"href":"https:\/\/www.danielacalasso.it\/index.php\/wp-json\/wp\/v2\/pages"}],"about":[{"href":"https:\/\/www.danielacalasso.it\/index.php\/wp-json\/wp\/v2\/types\/page"}],"author":[{"embeddable":true,"href":"https:\/\/www.danielacalasso.it\/index.php\/wp-json\/wp\/v2\/users\/1"}],"replies":[{"embeddable":true,"href":"https:\/\/www.danielacalasso.it\/index.php\/wp-json\/wp\/v2\/comments?post=163"}],"version-history":[{"count":9,"href":"https:\/\/www.danielacalasso.it\/index.php\/wp-json\/wp\/v2\/pages\/163\/revisions"}],"predecessor-version":[{"id":187,"href":"https:\/\/www.danielacalasso.it\/index.php\/wp-json\/wp\/v2\/pages\/163\/revisions\/187"}],"up":[{"embeddable":true,"href":"https:\/\/www.danielacalasso.it\/index.php\/wp-json\/wp\/v2\/pages\/147"}],"wp:attachment":[{"href":"https:\/\/www.danielacalasso.it\/index.php\/wp-json\/wp\/v2\/media?parent=163"}],"curies":[{"name":"wp","href":"https:\/\/api.w.org\/{rel}","templated":true}]}}